{"id":13,"date":"2026-04-24T14:27:46","date_gmt":"2026-04-24T14:27:46","guid":{"rendered":"https:\/\/barmesonelobrero.rkinformatika.online\/?page_id=13"},"modified":"2026-04-27T12:13:16","modified_gmt":"2026-04-27T12:13:16","slug":"servicio","status":"publish","type":"page","link":"https:\/\/barmesonelobrero.com\/en\/servicio\/","title":{"rendered":"Service"},"content":{"rendered":"<div data-elementor-type=\"wp-page\" data-elementor-id=\"13\" class=\"elementor elementor-13\" data-elementor-post-type=\"page\">\n\t\t\t\t<div class=\"elementor-element elementor-element-e9a666b e-flex e-con-boxed e-con e-parent\" data-id=\"e9a666b\" data-element_type=\"container\" data-e-type=\"container\" data-settings=\"{&quot;background_background&quot;:&quot;classic&quot;}\">\n\t\t\t\t\t<div class=\"e-con-inner\">\n\t\t\t\t\t<\/div>\n\t\t\t\t<\/div>\n\t\t<div class=\"elementor-element elementor-element-23a1186 e-flex e-con-boxed e-con e-parent\" data-id=\"23a1186\" data-element_type=\"container\" data-e-type=\"container\" data-settings=\"{&quot;background_background&quot;:&quot;classic&quot;}\">\n\t\t\t\t\t<div class=\"e-con-inner\">\n\t\t<div class=\"elementor-element elementor-element-0d2465f e-con-full e-flex elementor-invisible e-con e-child\" data-id=\"0d2465f\" data-element_type=\"container\" data-e-type=\"container\" data-settings=\"{&quot;background_background&quot;:&quot;classic&quot;,&quot;animation&quot;:&quot;slideInUp&quot;}\">\n\t\t<div class=\"elementor-element elementor-element-f609621 e-con-full e-flex e-con e-child\" data-id=\"f609621\" data-element_type=\"container\" data-e-type=\"container\">\n\t\t\t\t<div class=\"elementor-element elementor-element-3332e09 elementor-widget elementor-widget-image\" data-id=\"3332e09\" data-element_type=\"widget\" data-e-type=\"widget\" data-widget_type=\"image.default\">\n\t\t\t\t\t\t\t\t\t\t\t\t\t\t\t<img fetchpriority=\"high\" decoding=\"async\" width=\"800\" height=\"593\" src=\"https:\/\/barmesonelobrero.com\/wp-content\/uploads\/2026\/04\/5f229ad9-0806-498e-9edc-dd0cacc0d415-2026-04-27-1024x759.jpeg\" class=\"attachment-large size-large wp-image-323\" alt=\"\" srcset=\"https:\/\/barmesonelobrero.com\/wp-content\/uploads\/2026\/04\/5f229ad9-0806-498e-9edc-dd0cacc0d415-2026-04-27-1024x759.jpeg 1024w, https:\/\/barmesonelobrero.com\/wp-content\/uploads\/2026\/04\/5f229ad9-0806-498e-9edc-dd0cacc0d415-2026-04-27-300x222.jpeg 300w, https:\/\/barmesonelobrero.com\/wp-content\/uploads\/2026\/04\/5f229ad9-0806-498e-9edc-dd0cacc0d415-2026-04-27-768x569.jpeg 768w, https:\/\/barmesonelobrero.com\/wp-content\/uploads\/2026\/04\/5f229ad9-0806-498e-9edc-dd0cacc0d415-2026-04-27-1536x1138.jpeg 1536w, https:\/\/barmesonelobrero.com\/wp-content\/uploads\/2026\/04\/5f229ad9-0806-498e-9edc-dd0cacc0d415-2026-04-27-2048x1518.jpeg 2048w, https:\/\/barmesonelobrero.com\/wp-content\/uploads\/2026\/04\/5f229ad9-0806-498e-9edc-dd0cacc0d415-2026-04-27-16x12.jpeg 16w\" sizes=\"(max-width: 800px) 100vw, 800px\" \/>\t\t\t\t\t\t\t\t\t\t\t\t\t\t\t<\/div>\n\t\t\t\t<\/div>\n\t\t<div class=\"elementor-element elementor-element-2121b4f e-con-full e-flex e-con e-child\" data-id=\"2121b4f\" data-element_type=\"container\" data-e-type=\"container\">\n\t\t\t\t<div class=\"elementor-element elementor-element-e087e5a elementor-widget elementor-widget-heading\" data-id=\"e087e5a\" data-element_type=\"widget\" data-e-type=\"widget\" data-widget_type=\"heading.default\">\n\t\t\t\t\t<h2 class=\"elementor-heading-title elementor-size-default\">Sabores de Siempre, Momentos de Hoy<\/h2>\t\t\t\t<\/div>\n\t\t\t\t<div class=\"elementor-element elementor-element-d05974d elementor-widget elementor-widget-text-editor\" data-id=\"d05974d\" data-element_type=\"widget\" data-e-type=\"widget\" data-widget_type=\"text-editor.default\">\n\t\t\t\t\t\t\t\t\t<p>En nuestro rinc\u00f3n, la hospitalidad se sirve en cada detalle, ofreciendo una selecci\u00f3n de bebidas cuidadosamente pensada para acompa\u00f1arte en cualquier momento de tu jornada. Desde ese primer caf\u00e9 arom\u00e1tico que despierta los sentidos por la ma\u00f1ana, hasta los refrescos vibrantes, cervezas bien tiradas y una equilibrada carta de vinos y copas para cerrar el d\u00eda con calma, aqu\u00ed siempre encontrar\u00e1s el maridaje perfecto para tu pausa.<\/p><p>Pero la experiencia no estar\u00eda completa sin el alma de nuestra cocina: nuestras tapas caseras, elaboradas con el cari\u00f1o de las recetas de siempre. Y para quienes buscan la autenticidad de nuestra tierra, nos enorgullece ofrecer nuestros c\u00e9lebres caracoles en temporada, un manjar tradicional preparado con paciencia y esmero que invita a compartir y disfrutar sin prisas de los sabores de toda la vida.<\/p>\t\t\t\t\t\t\t\t<\/div>\n\t\t\t\t<\/div>\n\t\t\t\t<\/div>\n\t\t\t\t\t<\/div>\n\t\t\t\t<\/div>\n\t\t<div class=\"elementor-element elementor-element-5efb098 e-flex e-con-boxed e-con e-parent\" data-id=\"5efb098\" data-element_type=\"container\" data-e-type=\"container\" data-settings=\"{&quot;background_background&quot;:&quot;classic&quot;}\">\n\t\t\t\t\t<div class=\"e-con-inner\">\n\t\t\t\t<div class=\"elementor-element elementor-element-91476e1 elementor-widget elementor-widget-heading\" data-id=\"91476e1\" data-element_type=\"widget\" data-e-type=\"widget\" data-widget_type=\"heading.default\">\n\t\t\t\t\t<h2 class=\"elementor-heading-title elementor-size-default\">El mejor gusto para el paladar<\/h2>\t\t\t\t<\/div>\n\t\t\t\t<div class=\"elementor-element elementor-element-5e595ae elementor-invisible elementor-widget elementor-widget-image-carousel\" data-id=\"5e595ae\" data-element_type=\"widget\" data-e-type=\"widget\" data-settings=\"{&quot;slides_to_show&quot;:&quot;4&quot;,&quot;navigation&quot;:&quot;none&quot;,&quot;image_spacing_custom&quot;:{&quot;unit&quot;:&quot;px&quot;,&quot;size&quot;:8,&quot;sizes&quot;:[]},&quot;_animation&quot;:&quot;fadeInRight&quot;,&quot;autoplay&quot;:&quot;yes&quot;,&quot;pause_on_hover&quot;:&quot;yes&quot;,&quot;pause_on_interaction&quot;:&quot;yes&quot;,&quot;autoplay_speed&quot;:5000,&quot;infinite&quot;:&quot;yes&quot;,&quot;speed&quot;:500,&quot;image_spacing_custom_tablet&quot;:{&quot;unit&quot;:&quot;px&quot;,&quot;size&quot;:&quot;&quot;,&quot;sizes&quot;:[]},&quot;image_spacing_custom_mobile&quot;:{&quot;unit&quot;:&quot;px&quot;,&quot;size&quot;:&quot;&quot;,&quot;sizes&quot;:[]}}\" data-widget_type=\"image-carousel.default\">\n\t\t\t\t\t\t\t<div class=\"elementor-image-carousel-wrapper swiper\" role=\"region\" aria-roledescription=\"carousel\" aria-label=\"Carrusel de im\u00e1genes\" dir=\"ltr\">\n\t\t\t<div class=\"elementor-image-carousel swiper-wrapper\" aria-live=\"off\">\n\t\t\t\t\t\t\t\t<div class=\"swiper-slide\" role=\"group\" aria-roledescription=\"slide\" aria-label=\"1 de 4\"><figure class=\"swiper-slide-inner\"><img decoding=\"async\" class=\"swiper-slide-image\" src=\"https:\/\/barmesonelobrero.com\/wp-content\/uploads\/2026\/04\/Captura-desde-2026-04-27-11-45-48.png\" alt=\"Captura desde 2026-04-27 11-45-48\" \/><\/figure><\/div><div class=\"swiper-slide\" role=\"group\" aria-roledescription=\"slide\" aria-label=\"2 de 4\"><figure class=\"swiper-slide-inner\"><img decoding=\"async\" class=\"swiper-slide-image\" src=\"https:\/\/barmesonelobrero.com\/wp-content\/uploads\/2026\/04\/Captura-desde-2026-04-27-11-46-06.png\" alt=\"Captura desde 2026-04-27 11-46-06\" \/><\/figure><\/div><div class=\"swiper-slide\" role=\"group\" aria-roledescription=\"slide\" aria-label=\"3 de 4\"><figure class=\"swiper-slide-inner\"><img decoding=\"async\" class=\"swiper-slide-image\" src=\"https:\/\/barmesonelobrero.com\/wp-content\/uploads\/2026\/04\/Captura-desde-2026-04-27-11-46-40.png\" alt=\"Captura desde 2026-04-27 11-46-40\" \/><\/figure><\/div><div class=\"swiper-slide\" role=\"group\" aria-roledescription=\"slide\" aria-label=\"4 de 4\"><figure class=\"swiper-slide-inner\"><img decoding=\"async\" class=\"swiper-slide-image\" src=\"https:\/\/barmesonelobrero.com\/wp-content\/uploads\/2026\/04\/Captura-desde-2026-04-27-11-46-50.png\" alt=\"Captura desde 2026-04-27 11-46-50\" \/><\/figure><\/div>\t\t\t<\/div>\n\t\t\t\t\t\t\t\n\t\t\t\t\t\t\t\t\t<\/div>\n\t\t\t\t\t\t<\/div>\n\t\t\t\t\t<\/div>\n\t\t\t\t<\/div>\n\t\t<div class=\"elementor-element elementor-element-3f82df0 e-flex e-con-boxed e-con e-parent\" data-id=\"3f82df0\" data-element_type=\"container\" data-e-type=\"container\" data-settings=\"{&quot;background_background&quot;:&quot;classic&quot;}\">\n\t\t\t\t\t<div class=\"e-con-inner\">\n\t\t\t\t<div class=\"elementor-element elementor-element-19491b4 elementor-widget elementor-widget-heading\" data-id=\"19491b4\" data-element_type=\"widget\" data-e-type=\"widget\" data-widget_type=\"heading.default\">\n\t\t\t\t\t<h2 class=\"elementor-heading-title elementor-size-default\">\u00bfTe preparamos una mesa?<\/h2>\t\t\t\t<\/div>\n\t\t\t\t<div class=\"elementor-element elementor-element-3b46b5e elementor-widget elementor-widget-button\" data-id=\"3b46b5e\" data-element_type=\"widget\" data-e-type=\"widget\" data-widget_type=\"button.default\">\n\t\t\t\t\t\t\t\t\t\t<a class=\"elementor-button elementor-button-link elementor-size-sm\" href=\"https:\/\/barmesonelobrero.com\/en\/contacto\/\">\n\t\t\t\t\t\t<span class=\"elementor-button-content-wrapper\">\n\t\t\t\t\t\t\t\t\t<span class=\"elementor-button-text\">Reserva tu rinc\u00f3n aqu\u00ed<\/span>\n\t\t\t\t\t<\/span>\n\t\t\t\t\t<\/a>\n\t\t\t\t\t\t\t\t<\/div>\n\t\t\t\t\t<\/div>\n\t\t\t\t<\/div>\n\t\t\t\t<\/div>","protected":false},"excerpt":{"rendered":"<p>Sabores de Siempre, Momentos de Hoy En nuestro rinc\u00f3n, la hospitalidad se sirve en cada detalle, ofreciendo una selecci\u00f3n de bebidas cuidadosamente pensada para acompa\u00f1arte en cualquier momento de tu jornada. Desde ese primer caf\u00e9 arom\u00e1tico que despierta los sentidos por la ma\u00f1ana, hasta los refrescos vibrantes, cervezas bien tiradas y una equilibrada carta de [&hellip;]<\/p>\n","protected":false},"author":1,"featured_media":0,"parent":0,"menu_order":0,"comment_status":"closed","ping_status":"closed","template":"elementor_canvas","meta":{"footnotes":""},"class_list":["post-13","page","type-page","status-publish","hentry"],"yoast_head":"<!-- This site is optimized with the Yoast SEO plugin v27.5 - https:\/\/yoast.com\/product\/yoast-seo-wordpress\/ -->\n<title>Servicio - Bar Mes\u00f3n El obrero<\/title>\n<meta name=\"robots\" content=\"index, follow, max-snippet:-1, max-image-preview:large, max-video-preview:-1\" \/>\n<link rel=\"canonical\" href=\"https:\/\/barmesonelobrero.com\/en\/servicio\/\" \/>\n<meta property=\"og:locale\" content=\"en_GB\" \/>\n<meta property=\"og:type\" content=\"article\" \/>\n<meta property=\"og:title\" content=\"Servicio - Bar Mes\u00f3n El obrero\" \/>\n<meta property=\"og:description\" content=\"Sabores de Siempre, Momentos de Hoy En nuestro rinc\u00f3n, la hospitalidad se sirve en cada detalle, ofreciendo una selecci\u00f3n de bebidas cuidadosamente pensada para acompa\u00f1arte en cualquier momento de tu jornada. Desde ese primer caf\u00e9 arom\u00e1tico que despierta los sentidos por la ma\u00f1ana, hasta los refrescos vibrantes, cervezas bien tiradas y una equilibrada carta de [&hellip;]\" \/>\n<meta property=\"og:url\" content=\"https:\/\/barmesonelobrero.com\/en\/servicio\/\" \/>\n<meta property=\"og:site_name\" content=\"Bar Mes\u00f3n El obrero\" \/>\n<meta property=\"article:modified_time\" content=\"2026-04-27T12:13:16+00:00\" \/>\n<meta property=\"og:image\" content=\"https:\/\/barmesonelobrero.com\/wp-content\/uploads\/2026\/04\/5f229ad9-0806-498e-9edc-dd0cacc0d415-2026-04-27-1024x759.jpeg\" \/>\n<meta name=\"twitter:card\" content=\"summary_large_image\" \/>\n<meta name=\"twitter:label1\" content=\"Estimated reading time\" \/>\n\t<meta name=\"twitter:data1\" content=\"3 minutes\" \/>\n<script type=\"application\/ld+json\" class=\"yoast-schema-graph\">{\"@context\":\"https:\\\/\\\/schema.org\",\"@graph\":[{\"@type\":\"WebPage\",\"@id\":\"https:\\\/\\\/barmesonelobrero.com\\\/servicio\\\/\",\"url\":\"https:\\\/\\\/barmesonelobrero.com\\\/servicio\\\/\",\"name\":\"Servicio - Bar Mes\u00f3n El obrero\",\"isPartOf\":{\"@id\":\"https:\\\/\\\/barmesonelobrero.com\\\/#website\"},\"primaryImageOfPage\":{\"@id\":\"https:\\\/\\\/barmesonelobrero.com\\\/servicio\\\/#primaryimage\"},\"image\":{\"@id\":\"https:\\\/\\\/barmesonelobrero.com\\\/servicio\\\/#primaryimage\"},\"thumbnailUrl\":\"https:\\\/\\\/barmesonelobrero.com\\\/wp-content\\\/uploads\\\/2026\\\/04\\\/5f229ad9-0806-498e-9edc-dd0cacc0d415-2026-04-27-1024x759.jpeg\",\"datePublished\":\"2026-04-24T14:27:46+00:00\",\"dateModified\":\"2026-04-27T12:13:16+00:00\",\"breadcrumb\":{\"@id\":\"https:\\\/\\\/barmesonelobrero.com\\\/servicio\\\/#breadcrumb\"},\"inLanguage\":\"en-GB\",\"potentialAction\":[{\"@type\":\"ReadAction\",\"target\":[\"https:\\\/\\\/barmesonelobrero.com\\\/servicio\\\/\"]}]},{\"@type\":\"ImageObject\",\"inLanguage\":\"en-GB\",\"@id\":\"https:\\\/\\\/barmesonelobrero.com\\\/servicio\\\/#primaryimage\",\"url\":\"https:\\\/\\\/barmesonelobrero.com\\\/wp-content\\\/uploads\\\/2026\\\/04\\\/5f229ad9-0806-498e-9edc-dd0cacc0d415-2026-04-27-1024x759.jpeg\",\"contentUrl\":\"https:\\\/\\\/barmesonelobrero.com\\\/wp-content\\\/uploads\\\/2026\\\/04\\\/5f229ad9-0806-498e-9edc-dd0cacc0d415-2026-04-27-1024x759.jpeg\"},{\"@type\":\"BreadcrumbList\",\"@id\":\"https:\\\/\\\/barmesonelobrero.com\\\/servicio\\\/#breadcrumb\",\"itemListElement\":[{\"@type\":\"ListItem\",\"position\":1,\"name\":\"Portada\",\"item\":\"https:\\\/\\\/barmesonelobrero.com\\\/\"},{\"@type\":\"ListItem\",\"position\":2,\"name\":\"Servicio\"}]},{\"@type\":\"WebSite\",\"@id\":\"https:\\\/\\\/barmesonelobrero.com\\\/#website\",\"url\":\"https:\\\/\\\/barmesonelobrero.com\\\/\",\"name\":\"Bar Mes\u00f3n El obrero\",\"description\":\"\",\"publisher\":{\"@id\":\"https:\\\/\\\/barmesonelobrero.com\\\/#organization\"},\"potentialAction\":[{\"@type\":\"SearchAction\",\"target\":{\"@type\":\"EntryPoint\",\"urlTemplate\":\"https:\\\/\\\/barmesonelobrero.com\\\/?s={search_term_string}\"},\"query-input\":{\"@type\":\"PropertyValueSpecification\",\"valueRequired\":true,\"valueName\":\"search_term_string\"}}],\"inLanguage\":\"en-GB\"},{\"@type\":\"Organization\",\"@id\":\"https:\\\/\\\/barmesonelobrero.com\\\/#organization\",\"name\":\"Bar Mes\u00f3n El obrero\",\"url\":\"https:\\\/\\\/barmesonelobrero.com\\\/\",\"logo\":{\"@type\":\"ImageObject\",\"inLanguage\":\"en-GB\",\"@id\":\"https:\\\/\\\/barmesonelobrero.com\\\/#\\\/schema\\\/logo\\\/image\\\/\",\"url\":\"https:\\\/\\\/barmesonelobrero.com\\\/wp-content\\\/uploads\\\/2026\\\/04\\\/mesondelobrero202604_logo_web-scaled.png\",\"contentUrl\":\"https:\\\/\\\/barmesonelobrero.com\\\/wp-content\\\/uploads\\\/2026\\\/04\\\/mesondelobrero202604_logo_web-scaled.png\",\"width\":2560,\"height\":1851,\"caption\":\"Bar Mes\u00f3n El obrero \"},\"image\":{\"@id\":\"https:\\\/\\\/barmesonelobrero.com\\\/#\\\/schema\\\/logo\\\/image\\\/\"}}]}<\/script>\n<!-- \/ Yoast SEO plugin. -->","yoast_head_json":{"title":"Servicio - Bar Mes\u00f3n El obrero","robots":{"index":"index","follow":"follow","max-snippet":"max-snippet:-1","max-image-preview":"max-image-preview:large","max-video-preview":"max-video-preview:-1"},"canonical":"https:\/\/barmesonelobrero.com\/en\/servicio\/","og_locale":"en_GB","og_type":"article","og_title":"Servicio - Bar Mes\u00f3n El obrero","og_description":"Sabores de Siempre, Momentos de Hoy En nuestro rinc\u00f3n, la hospitalidad se sirve en cada detalle, ofreciendo una selecci\u00f3n de bebidas cuidadosamente pensada para acompa\u00f1arte en cualquier momento de tu jornada. Desde ese primer caf\u00e9 arom\u00e1tico que despierta los sentidos por la ma\u00f1ana, hasta los refrescos vibrantes, cervezas bien tiradas y una equilibrada carta de [&hellip;]","og_url":"https:\/\/barmesonelobrero.com\/en\/servicio\/","og_site_name":"Bar Mes\u00f3n El obrero","article_modified_time":"2026-04-27T12:13:16+00:00","og_image":[{"url":"https:\/\/barmesonelobrero.com\/wp-content\/uploads\/2026\/04\/5f229ad9-0806-498e-9edc-dd0cacc0d415-2026-04-27-1024x759.jpeg","type":"","width":"","height":""}],"twitter_card":"summary_large_image","twitter_misc":{"Estimated reading time":"3 minutes"},"schema":{"@context":"https:\/\/schema.org","@graph":[{"@type":"WebPage","@id":"https:\/\/barmesonelobrero.com\/servicio\/","url":"https:\/\/barmesonelobrero.com\/servicio\/","name":"Servicio - Bar Mes\u00f3n El obrero","isPartOf":{"@id":"https:\/\/barmesonelobrero.com\/#website"},"primaryImageOfPage":{"@id":"https:\/\/barmesonelobrero.com\/servicio\/#primaryimage"},"image":{"@id":"https:\/\/barmesonelobrero.com\/servicio\/#primaryimage"},"thumbnailUrl":"https:\/\/barmesonelobrero.com\/wp-content\/uploads\/2026\/04\/5f229ad9-0806-498e-9edc-dd0cacc0d415-2026-04-27-1024x759.jpeg","datePublished":"2026-04-24T14:27:46+00:00","dateModified":"2026-04-27T12:13:16+00:00","breadcrumb":{"@id":"https:\/\/barmesonelobrero.com\/servicio\/#breadcrumb"},"inLanguage":"en-GB","potentialAction":[{"@type":"ReadAction","target":["https:\/\/barmesonelobrero.com\/servicio\/"]}]},{"@type":"ImageObject","inLanguage":"en-GB","@id":"https:\/\/barmesonelobrero.com\/servicio\/#primaryimage","url":"https:\/\/barmesonelobrero.com\/wp-content\/uploads\/2026\/04\/5f229ad9-0806-498e-9edc-dd0cacc0d415-2026-04-27-1024x759.jpeg","contentUrl":"https:\/\/barmesonelobrero.com\/wp-content\/uploads\/2026\/04\/5f229ad9-0806-498e-9edc-dd0cacc0d415-2026-04-27-1024x759.jpeg"},{"@type":"BreadcrumbList","@id":"https:\/\/barmesonelobrero.com\/servicio\/#breadcrumb","itemListElement":[{"@type":"ListItem","position":1,"name":"Portada","item":"https:\/\/barmesonelobrero.com\/"},{"@type":"ListItem","position":2,"name":"Servicio"}]},{"@type":"WebSite","@id":"https:\/\/barmesonelobrero.com\/#website","url":"https:\/\/barmesonelobrero.com\/","name":"Bar Mes\u00f3n El obrero","description":"","publisher":{"@id":"https:\/\/barmesonelobrero.com\/#organization"},"potentialAction":[{"@type":"SearchAction","target":{"@type":"EntryPoint","urlTemplate":"https:\/\/barmesonelobrero.com\/?s={search_term_string}"},"query-input":{"@type":"PropertyValueSpecification","valueRequired":true,"valueName":"search_term_string"}}],"inLanguage":"en-GB"},{"@type":"Organization","@id":"https:\/\/barmesonelobrero.com\/#organization","name":"Bar Mes\u00f3n El obrero","url":"https:\/\/barmesonelobrero.com\/","logo":{"@type":"ImageObject","inLanguage":"en-GB","@id":"https:\/\/barmesonelobrero.com\/#\/schema\/logo\/image\/","url":"https:\/\/barmesonelobrero.com\/wp-content\/uploads\/2026\/04\/mesondelobrero202604_logo_web-scaled.png","contentUrl":"https:\/\/barmesonelobrero.com\/wp-content\/uploads\/2026\/04\/mesondelobrero202604_logo_web-scaled.png","width":2560,"height":1851,"caption":"Bar Mes\u00f3n El obrero "},"image":{"@id":"https:\/\/barmesonelobrero.com\/#\/schema\/logo\/image\/"}}]}},"_links":{"self":[{"href":"https:\/\/barmesonelobrero.com\/en\/wp-json\/wp\/v2\/pages\/13","targetHints":{"allow":["GET"]}}],"collection":[{"href":"https:\/\/barmesonelobrero.com\/en\/wp-json\/wp\/v2\/pages"}],"about":[{"href":"https:\/\/barmesonelobrero.com\/en\/wp-json\/wp\/v2\/types\/page"}],"author":[{"embeddable":true,"href":"https:\/\/barmesonelobrero.com\/en\/wp-json\/wp\/v2\/users\/1"}],"replies":[{"embeddable":true,"href":"https:\/\/barmesonelobrero.com\/en\/wp-json\/wp\/v2\/comments?post=13"}],"version-history":[{"count":136,"href":"https:\/\/barmesonelobrero.com\/en\/wp-json\/wp\/v2\/pages\/13\/revisions"}],"predecessor-version":[{"id":516,"href":"https:\/\/barmesonelobrero.com\/en\/wp-json\/wp\/v2\/pages\/13\/revisions\/516"}],"wp:attachment":[{"href":"https:\/\/barmesonelobrero.com\/en\/wp-json\/wp\/v2\/media?parent=13"}],"curies":[{"name":"wp","href":"https:\/\/api.w.org\/{rel}","templated":true}]}}